{"id":31,"date":"2022-05-12T19:41:57","date_gmt":"2022-05-12T17:41:57","guid":{"rendered":"https:\/\/vacances-camping-lac-leman.com\/?page_id=31"},"modified":"2022-05-13T19:09:34","modified_gmt":"2022-05-13T17:09:34","slug":"evian-les-bains","status":"publish","type":"page","link":"https:\/\/vacances-camping-lac-leman.com\/index.php\/evian-les-bains\/","title":{"rendered":"Evian Les Bains"},"content":{"rendered":"\t\t<div data-elementor-type=\"wp-page\" data-elementor-id=\"31\" class=\"elementor elementor-31\" data-elementor-post-type=\"page\">\n\t\t\t\t\t\t<section class=\"elementor-section elementor-top-section elementor-element elementor-element-af15b09 elementor-section-boxed elementor-section-height-default elementor-section-height-default\" data-id=\"af15b09\" data-element_type=\"section\" data-e-type=\"section\">\n\t\t\t\t\t\t<div class=\"elementor-container elementor-column-gap-default\">\n\t\t\t\t\t<div class=\"elementor-column elementor-col-100 elementor-top-column elementor-element elementor-element-f9f7075\" data-id=\"f9f7075\" data-element_type=\"column\" data-e-type=\"column\" data-settings=\"{&quot;background_background&quot;:&quot;classic&quot;}\">\n\t\t\t<div class=\"elementor-widget-wrap elementor-element-populated\">\n\t\t\t\t\t\t<div class=\"elementor-element elementor-element-a1561de elementor-widget elementor-widget-heading\" data-id=\"a1561de\" data-element_type=\"widget\" data-e-type=\"widget\" data-widget_type=\"heading.default\">\n\t\t\t\t<div class=\"elementor-widget-container\">\n\t\t\t\t\t<h2 class=\"elementor-heading-title elementor-size-default\">Notre camping \u00e0 proximit\u00e9 d'\u00c9vian-les-Bains<\/h2>\t\t\t\t<\/div>\n\t\t\t\t<\/div>\n\t\t\t\t<div class=\"elementor-element elementor-element-efe50a5 elementor-widget elementor-widget-text-editor\" data-id=\"efe50a5\" data-element_type=\"widget\" data-e-type=\"widget\" data-widget_type=\"text-editor.default\">\n\t\t\t\t<div class=\"elementor-widget-container\">\n\t\t\t\t\t\t\t\t\t<div class=\"p1\"><p><strong>Camping proche d&rsquo;\u00c9vian<\/strong><\/p><p>Situ\u00e9e au bord du lac L\u00e9man, au pied des montagnes, la ville d&rsquo;\u00c9vian-les-Bains b\u00e9n\u00e9ficie d&rsquo;un environnement exceptionnel. Les habitants trouveront sur ce site tout ce qui fait leur quotidien et de nombreux services en ligne.<\/p><p><strong>\u00c9vian-les-Bains offre un lieu de vie unique pour les touristes et les curistes avec son \u00e9tablissement thermal.<\/strong><\/p><p><br \/>Haut lieu culturel, la ville propose des expositions au palais Lumi\u00e8re.<\/p><p>C\u2019est aussi une destination touristique id\u00e9ale ainsi que pour les entreprises en qu\u00eate d&rsquo;un cadre privil\u00e9gi\u00e9 adapt\u00e9 \u00e0 l&rsquo;organisation de congr\u00e8s et s\u00e9minaires.<\/p><p>Bonne visite !<\/p><\/div>\t\t\t\t\t\t\t\t<\/div>\n\t\t\t\t<\/div>\n\t\t\t\t<section class=\"elementor-section elementor-inner-section elementor-element elementor-element-20d120b elementor-section-boxed elementor-section-height-default elementor-section-height-default\" data-id=\"20d120b\" data-element_type=\"section\" data-e-type=\"section\">\n\t\t\t\t\t\t<div class=\"elementor-container elementor-column-gap-default\">\n\t\t\t\t\t<div class=\"elementor-column elementor-col-50 elementor-inner-column elementor-element elementor-element-03eb2b6\" data-id=\"03eb2b6\" data-element_type=\"column\" data-e-type=\"column\">\n\t\t\t<div class=\"elementor-widget-wrap elementor-element-populated\">\n\t\t\t\t\t\t<div class=\"elementor-element elementor-element-23defd6 elementor-widget elementor-widget-image\" data-id=\"23defd6\" data-element_type=\"widget\" data-e-type=\"widget\" data-widget_type=\"image.default\">\n\t\t\t\t<div class=\"elementor-widget-container\">\n\t\t\t\t\t\t\t\t\t\t\t\t\t\t\t<img fetchpriority=\"high\" decoding=\"async\" width=\"500\" height=\"375\" src=\"https:\/\/vacances-camping-lac-leman.com\/wp-content\/uploads\/2022\/05\/161223_163724.jpg\" class=\"attachment-large size-large wp-image-458\" alt=\"\" srcset=\"https:\/\/vacances-camping-lac-leman.com\/wp-content\/uploads\/2022\/05\/161223_163724.jpg 500w, https:\/\/vacances-camping-lac-leman.com\/wp-content\/uploads\/2022\/05\/161223_163724-300x225.jpg 300w\" sizes=\"(max-width: 500px) 100vw, 500px\" \/>\t\t\t\t\t\t\t\t\t\t\t\t\t\t\t<\/div>\n\t\t\t\t<\/div>\n\t\t\t\t\t<\/div>\n\t\t<\/div>\n\t\t\t\t<div class=\"elementor-column elementor-col-50 elementor-inner-column elementor-element elementor-element-15b9146\" data-id=\"15b9146\" data-element_type=\"column\" data-e-type=\"column\">\n\t\t\t<div class=\"elementor-widget-wrap elementor-element-populated\">\n\t\t\t\t\t\t<div class=\"elementor-element elementor-element-5f7c457 elementor-widget elementor-widget-image\" data-id=\"5f7c457\" data-element_type=\"widget\" data-e-type=\"widget\" data-widget_type=\"image.default\">\n\t\t\t\t<div class=\"elementor-widget-container\">\n\t\t\t\t\t\t\t\t\t\t\t\t\t\t\t<img decoding=\"async\" width=\"500\" height=\"375\" src=\"https:\/\/vacances-camping-lac-leman.com\/wp-content\/uploads\/2022\/05\/161223_163728.jpg\" class=\"attachment-large size-large wp-image-459\" alt=\"\" srcset=\"https:\/\/vacances-camping-lac-leman.com\/wp-content\/uploads\/2022\/05\/161223_163728.jpg 500w, https:\/\/vacances-camping-lac-leman.com\/wp-content\/uploads\/2022\/05\/161223_163728-300x225.jpg 300w\" sizes=\"(max-width: 500px) 100vw, 500px\" \/>\t\t\t\t\t\t\t\t\t\t\t\t\t\t\t<\/div>\n\t\t\t\t<\/div>\n\t\t\t\t\t<\/div>\n\t\t<\/div>\n\t\t\t\t\t<\/div>\n\t\t<\/section>\n\t\t\t\t\t<\/div>\n\t\t<\/div>\n\t\t\t\t\t<\/div>\n\t\t<\/section>\n\t\t\t\t<\/div>\n\t\t","protected":false},"excerpt":{"rendered":"<p>Notre camping \u00e0 proximit\u00e9 d&rsquo;\u00c9vian-les-Bains Camping proche d&rsquo;\u00c9vian Situ\u00e9e au bord du lac L\u00e9man, au pied des montagnes, la ville d&rsquo;\u00c9vian-les-Bains b\u00e9n\u00e9ficie d&rsquo;un environnement exceptionnel. Les habitants trouveront sur ce site tout ce qui fait leur quotidien et de nombreux services en ligne. \u00c9vian-les-Bains offre un lieu de vie unique pour les touristes et les [&hellip;]<\/p>\n","protected":false},"author":1,"featured_media":0,"parent":0,"menu_order":0,"comment_status":"closed","ping_status":"closed","template":"elementor_header_footer","meta":{"_monsterinsights_skip_tracking":false,"_monsterinsights_sitenote_active":false,"_monsterinsights_sitenote_note":"","_monsterinsights_sitenote_category":0,"footnotes":""},"class_list":["post-31","page","type-page","status-publish","hentry"],"aioseo_notices":[],"_links":{"self":[{"href":"https:\/\/vacances-camping-lac-leman.com\/index.php\/wp-json\/wp\/v2\/pages\/31","targetHints":{"allow":["GET"]}}],"collection":[{"href":"https:\/\/vacances-camping-lac-leman.com\/index.php\/wp-json\/wp\/v2\/pages"}],"about":[{"href":"https:\/\/vacances-camping-lac-leman.com\/index.php\/wp-json\/wp\/v2\/types\/page"}],"author":[{"embeddable":true,"href":"https:\/\/vacances-camping-lac-leman.com\/index.php\/wp-json\/wp\/v2\/users\/1"}],"replies":[{"embeddable":true,"href":"https:\/\/vacances-camping-lac-leman.com\/index.php\/wp-json\/wp\/v2\/comments?post=31"}],"version-history":[{"count":4,"href":"https:\/\/vacances-camping-lac-leman.com\/index.php\/wp-json\/wp\/v2\/pages\/31\/revisions"}],"predecessor-version":[{"id":462,"href":"https:\/\/vacances-camping-lac-leman.com\/index.php\/wp-json\/wp\/v2\/pages\/31\/revisions\/462"}],"wp:attachment":[{"href":"https:\/\/vacances-camping-lac-leman.com\/index.php\/wp-json\/wp\/v2\/media?parent=31"}],"curies":[{"name":"wp","href":"https:\/\/api.w.org\/{rel}","templated":true}]}}